{"id":17,"date":"2026-01-09T12:55:24","date_gmt":"2026-01-09T12:55:24","guid":{"rendered":"https:\/\/alphalice.com\/?page_id=17"},"modified":"2026-02-05T14:24:21","modified_gmt":"2026-02-05T14:24:21","slug":"homepage","status":"publish","type":"page","link":"https:\/\/alphalice.com\/fr\/","title":{"rendered":"Accueil"},"content":{"rendered":"<blockquote class=\"wp-block-quote is-style-plain is-layout-flow wp-block-quote-is-layout-flow\" style=\"font-size:clamp(14.082px, 0.88rem + ((1vw - 3.2px) * 0.721), 21px);\">\n<p style=\"font-size:clamp(14.082px, 0.88rem + ((1vw - 3.2px) * 0.721), 21px);\" class=\"translation-block\">Educatrice de formation,<br>j'ai d\u00e9cid\u00e9 apr\u00e8s avoir accompagn\u00e9 des adultes et des familles avec des fragilit\u00e9s psychiques,<br> de me mettre au service de l'\u00catre de mani\u00e8re plus authentique.<br><br>J'ai r\u00e9alis\u00e9 que le syst\u00e8me social n'\u00e9tait plus en accord avec mes valeurs. <br>Aujourd'hui, je suis au service dans la co-construction.<br>Mes accompagnements t'offrent un espace o\u00f9 tu pourras transcender en toute s\u00e9curit\u00e9.<\/p>\n<\/blockquote>\n\n\n\n<div class=\"wp-block-cover is-light has-parallax\"><div class=\"wp-block-cover__image-background wp-image-123 size-large has-parallax\" style=\"background-position:50% 50%;background-image:url(https:\/\/alphalice.com\/wp-content\/uploads\/2026\/01\/people-2604535_1280-1024x682.jpg)\"><\/div><span aria-hidden=\"true\" class=\"wp-block-cover__background has-background-dim-0 has-background-dim\"><\/span><div class=\"wp-block-cover__inner-container has-global-padding is-layout-constrained wp-block-cover-is-layout-constrained\">\n<figure class=\"wp-block-image aligncenter size-large\"><img loading=\"lazy\" decoding=\"async\" width=\"600\" height=\"253\" src=\"https:\/\/alphalice.com\/wp-content\/uploads\/2025\/12\/logo_alpha_w.svg\" alt=\"\" class=\"wp-image-10\" srcset=\"https:\/\/alphalice.com\/wp-content\/uploads\/2025\/12\/logo_alpha_w-18x8.jpg 18w, https:\/\/alphalice.com\/wp-content\/uploads\/2025\/12\/logo_alpha_w.svg 600w\" sizes=\"auto, (max-width: 600px) 100vw, 600px\" \/><\/figure>\n<\/div><\/div>\n\n\n\n<div class=\"wp-block-columns is-layout-flex wp-container-core-columns-is-layout-dba78200 wp-block-columns-is-layout-flex\" style=\"padding-top:var(--wp--preset--spacing--small);padding-right:var(--wp--preset--spacing--small);padding-bottom:var(--wp--preset--spacing--small);padding-left:var(--wp--preset--spacing--small)\">\n<div class=\"wp-block-column is-layout-flow wp-block-column-is-layout-flow\">\n<p>J'accompagne les personnes en \u00e9puisement \u00e9motionnel\/professionel \u00e0 sortir du \"il faut, je dois...\" en t'offrant un lieu de ressourcement. <\/p>\n\n\n\n<p>3 \u00e0 5 jours immersifs dans les montagnes tessinoises pour se ressourcer, prendre soin de soi et rencontrer son \u00catre profond.\nUn accompagnement individuel et personnalis\u00e9 qui te permet de te d\u00e9voiler.<\/p>\n\n\n\n<p>Retraite en 4 temps<\/p>\n\n\n\n<ol class=\"wp-block-list\">\n<li>intentions, d\u00e9p\u00f4t, point de situation, exercices d\u2019introspection<\/li>\n\n\n\n<li>nettoyage \u00e9nerg\u00e9tique, amener en conscience ce qu\u2019il y a besoin<\/li>\n\n\n\n<li>connaissance de soi, reconnexion \u00e0 son pouvoir int\u00e9rieur, mission de vie<\/li>\n\n\n\n<li>point de situation, r\u00e9trospective, c\u00e9l\u00e9bration<\/li>\n<\/ol>\n\n\n\n<p>Avec tout du long pratiques de Qi Gong pour r\u00e9guler son syst\u00e8me nerveux, reconnecter \u00e0 son corps, venir observer.<\/p>\n<\/div>\n<\/div>\n\n\n\n<div class=\"wp-block-columns is-layout-flex wp-container-core-columns-is-layout-014801d7 wp-block-columns-is-layout-flex\" style=\"margin-top:0;margin-bottom:var(--wp--preset--spacing--medium);padding-top:0;padding-bottom:0\">\n<div class=\"wp-block-column has-border-color has-white-color has-primary-background-color has-text-color has-background has-link-color wp-elements-5cb88045b7450338dd59f1f779279ea1 is-layout-flow wp-block-column-is-layout-flow\" style=\"border-color:#be7200;border-width:3px;border-top-left-radius:13px;border-top-right-radius:13px;border-bottom-left-radius:13px;border-bottom-right-radius:13px;padding-top:var(--wp--preset--spacing--x-small);padding-bottom:var(--wp--preset--spacing--x-small)\">\n<h2 class=\"wp-block-heading has-text-align-center\"><a href=\"https:\/\/alphalice.com\/fr\/ritiri-11\/\" data-type=\"page\" data-id=\"74\">Retraite 1:1<\/a><\/h2>\n<\/div>\n\n\n\n<div class=\"wp-block-column has-border-color has-white-color has-primary-background-color has-text-color has-background has-link-color wp-elements-3622656040aec9f7e11ec6e7aeea20fe is-layout-flow wp-block-column-is-layout-flow\" style=\"border-color:#be7200;border-width:3px;border-top-left-radius:13px;border-top-right-radius:13px;border-bottom-left-radius:13px;border-bottom-right-radius:13px;padding-top:var(--wp--preset--spacing--x-small);padding-bottom:var(--wp--preset--spacing--x-small)\">\n<h2 class=\"wp-block-heading has-text-align-center\"><a href=\"https:\/\/alphalice.com\/fr\/accompagnamenti\/\" data-type=\"page\" data-id=\"89\">Accompagnements<\/a><\/h2>\n<\/div>\n<\/div>\n\n\n<pre class=\"ti-widget\"><template id=\"trustindex-google-widget-html\"><div class=\"ti-widget  ti-goog ti-review-text-mode-readmore ti-text-align-left\" data-no-translation=\"true\" data-time-locale=\"%d %s fa|oggi|giorno|giorni|settimana|settimane|mese|mesi|anno|anni\" data-plugin-version=\"13.2.9\" data-layout-id=\"4\" data-layout-category=\"slider\" data-set-id=\"light-background\" data-pid=\"\" data-language=\"it\" data-close-locale=\"Vicino\" data-review-target-width=\"300\" data-css-version=\"2\" data-reply-by-locale=\"Risposta dal proprietario\" data-only-rating-locale=\"Questo utente ha lasciato solo una valutazione.\" data-pager-autoplay-timeout=\"6\"> <div class=\"ti-widget-container ti-col-3\"> <div class=\"ti-reviews-container\"> <div class=\"ti-controls\"> <div class=\"ti-next\" aria-label=\"Prossima recensione\" role=\"button\" tabindex=\"0\"><\/div> <div class=\"ti-prev\" aria-label=\"Recensione precedente\" role=\"button\" tabindex=\"0\"><\/div> <\/div> <div class=\"ti-reviews-container-wrapper\">  <div data-empty=\"0\" data-time=\"1770681600\" class=\"ti-review-item source-Google ti-image-layout-thumbnail\" data-id=\"cfcd208495d565ef66e7dff9f98764da\"> <div class=\"ti-inner\"> <div class=\"ti-review-header\"> <div class=\"ti-platform-icon ti-with-tooltip\"> <span class=\"ti-tooltip\">Pubblicato su <\/span> <trustindex-image data-imgurl=\"https:\/\/cdn.trustindex.io\/assets\/platform\/Google\/icon.svg\" alt=\"\" width=\"20\" height=\"20\" loading=\"lazy\"><\/trustindex-image> <\/div> <div class=\"ti-profile-img\"> <trustindex-image data-imgurl=\"https:\/\/lh3.googleusercontent.com\/a\/ACg8ocLiokmkasAOh501bajxpZI78YNECcRPy3Ekpdr0T5esqEEUwA=w40-h40-c-rp-mo-ba2-br100\" alt=\"Marine Bourdy profile picture\" loading=\"lazy\"><\/trustindex-image> <\/div> <div class=\"ti-profile-details\"> <div class=\"ti-name\"> Marine Bourdy <\/div> <div class=\"ti-date\"><\/div> <\/div> <\/div> <span class=\"ti-stars\"><trustindex-image class=\"ti-star\" data-imgurl=\"https:\/\/cdn.trustindex.io\/assets\/platform\/Google\/star\/f.svg\" alt=\"Google star 1\" width=\"17\" height=\"17\" loading=\"lazy\"><\/trustindex-image><trustindex-image class=\"ti-star\" data-imgurl=\"https:\/\/cdn.trustindex.io\/assets\/platform\/Google\/star\/f.svg\" alt=\"Google star 2\" width=\"17\" height=\"17\" loading=\"lazy\"><\/trustindex-image><trustindex-image class=\"ti-star\" data-imgurl=\"https:\/\/cdn.trustindex.io\/assets\/platform\/Google\/star\/f.svg\" alt=\"Google star 3\" width=\"17\" height=\"17\" loading=\"lazy\"><\/trustindex-image><trustindex-image class=\"ti-star\" data-imgurl=\"https:\/\/cdn.trustindex.io\/assets\/platform\/Google\/star\/f.svg\" alt=\"Google star 4\" width=\"17\" height=\"17\" loading=\"lazy\"><\/trustindex-image><trustindex-image class=\"ti-star\" data-imgurl=\"https:\/\/cdn.trustindex.io\/assets\/platform\/Google\/star\/f.svg\" alt=\"Google star 5\" width=\"17\" height=\"17\" loading=\"lazy\"><\/trustindex-image><span class=\"ti-verified-review ti-verified-platform\"><span class=\"ti-verified-tooltip\">Trustindex verifica che la fonte originale della recensione sia Google.<\/span><\/span><\/span> <div class=\"ti-review-text-container ti-review-content\"><!-- R-CONTENT -->Alice a une lecture et analyse du design humain qui est tellement pr\u00e9cieuse pour se conna\u00eetre encore un peu plus.\nMerci \u00e0 elle pour son s\u00e9rieux, je conseille \u00e0 tout le monde de s'offrir ce temps pour soi !!<!-- R-CONTENT --><\/div> <span class=\"ti-read-more\" data-container=\".ti-review-content\" data-collapse-text=\"Nascondere\" data-open-text=\"Leggi di pi\u00f9\"><\/span> <\/div> <\/div>  <div data-empty=\"0\" data-time=\"1770076800\" class=\"ti-review-item source-Google ti-image-layout-thumbnail\" data-id=\"cfcd208495d565ef66e7dff9f98764da\"> <div class=\"ti-inner\"> <div class=\"ti-review-header\"> <div class=\"ti-platform-icon ti-with-tooltip\"> <span class=\"ti-tooltip\">Pubblicato su <\/span> <trustindex-image data-imgurl=\"https:\/\/cdn.trustindex.io\/assets\/platform\/Google\/icon.svg\" alt=\"\" width=\"20\" height=\"20\" loading=\"lazy\"><\/trustindex-image> <\/div> <div class=\"ti-profile-img\"> <trustindex-image data-imgurl=\"https:\/\/lh3.googleusercontent.com\/a\/ACg8ocKemnF79fiZjJ1zTnJMp_kD42dsTo9-n06qI1Q3CSJc4W31Ug=w40-h40-c-rp-mo-br100\" alt=\"madeline magnoni profile picture\" loading=\"lazy\"><\/trustindex-image> <\/div> <div class=\"ti-profile-details\"> <div class=\"ti-name\"> madeline magnoni <\/div> <div class=\"ti-date\"><\/div> <\/div> <\/div> <span class=\"ti-stars\"><trustindex-image class=\"ti-star\" data-imgurl=\"https:\/\/cdn.trustindex.io\/assets\/platform\/Google\/star\/f.svg\" alt=\"Google star 1\" width=\"17\" height=\"17\" loading=\"lazy\"><\/trustindex-image><trustindex-image class=\"ti-star\" data-imgurl=\"https:\/\/cdn.trustindex.io\/assets\/platform\/Google\/star\/f.svg\" alt=\"Google star 2\" width=\"17\" height=\"17\" loading=\"lazy\"><\/trustindex-image><trustindex-image class=\"ti-star\" data-imgurl=\"https:\/\/cdn.trustindex.io\/assets\/platform\/Google\/star\/f.svg\" alt=\"Google star 3\" width=\"17\" height=\"17\" loading=\"lazy\"><\/trustindex-image><trustindex-image class=\"ti-star\" data-imgurl=\"https:\/\/cdn.trustindex.io\/assets\/platform\/Google\/star\/f.svg\" alt=\"Google star 4\" width=\"17\" height=\"17\" loading=\"lazy\"><\/trustindex-image><trustindex-image class=\"ti-star\" data-imgurl=\"https:\/\/cdn.trustindex.io\/assets\/platform\/Google\/star\/f.svg\" alt=\"Google star 5\" width=\"17\" height=\"17\" loading=\"lazy\"><\/trustindex-image><span class=\"ti-verified-review ti-verified-platform\"><span class=\"ti-verified-tooltip\">Trustindex verifica che la fonte originale della recensione sia Google.<\/span><\/span><\/span> <div class=\"ti-review-text-container ti-review-content\"><!-- R-CONTENT -->Alice est douce et \u00e0 l'\u00e9coute. Elle est tr\u00e8s pro et vous guide avec aisance dans vos chemins de vie. Je la recommande les yeux ferm\u00e9s<!-- R-CONTENT --><\/div> <span class=\"ti-read-more\" data-container=\".ti-review-content\" data-collapse-text=\"Nascondere\" data-open-text=\"Leggi di pi\u00f9\"><\/span> <\/div> <\/div>  <div data-empty=\"0\" data-time=\"1769904000\" class=\"ti-review-item source-Google ti-image-layout-thumbnail\" data-id=\"cfcd208495d565ef66e7dff9f98764da\"> <div class=\"ti-inner\"> <div class=\"ti-review-header\"> <div class=\"ti-platform-icon ti-with-tooltip\"> <span class=\"ti-tooltip\">Pubblicato su <\/span> <trustindex-image data-imgurl=\"https:\/\/cdn.trustindex.io\/assets\/platform\/Google\/icon.svg\" alt=\"\" width=\"20\" height=\"20\" loading=\"lazy\"><\/trustindex-image> <\/div> <div class=\"ti-profile-img\"> <trustindex-image data-imgurl=\"https:\/\/lh3.googleusercontent.com\/a-\/ALV-UjUAA0c-my0i-IQXTT38_2sKEjV3Ic3ABdkrM05p8SsYbYruWd4r=w40-h40-c-rp-mo-br100\" alt=\"Clelia Bisciotti profile picture\" loading=\"lazy\"><\/trustindex-image> <\/div> <div class=\"ti-profile-details\"> <div class=\"ti-name\"> Clelia Bisciotti <\/div> <div class=\"ti-date\"><\/div> <\/div> <\/div> <span class=\"ti-stars\"><trustindex-image class=\"ti-star\" data-imgurl=\"https:\/\/cdn.trustindex.io\/assets\/platform\/Google\/star\/f.svg\" alt=\"Google star 1\" width=\"17\" height=\"17\" loading=\"lazy\"><\/trustindex-image><trustindex-image class=\"ti-star\" data-imgurl=\"https:\/\/cdn.trustindex.io\/assets\/platform\/Google\/star\/f.svg\" alt=\"Google star 2\" width=\"17\" height=\"17\" loading=\"lazy\"><\/trustindex-image><trustindex-image class=\"ti-star\" data-imgurl=\"https:\/\/cdn.trustindex.io\/assets\/platform\/Google\/star\/f.svg\" alt=\"Google star 3\" width=\"17\" height=\"17\" loading=\"lazy\"><\/trustindex-image><trustindex-image class=\"ti-star\" data-imgurl=\"https:\/\/cdn.trustindex.io\/assets\/platform\/Google\/star\/f.svg\" alt=\"Google star 4\" width=\"17\" height=\"17\" loading=\"lazy\"><\/trustindex-image><trustindex-image class=\"ti-star\" data-imgurl=\"https:\/\/cdn.trustindex.io\/assets\/platform\/Google\/star\/f.svg\" alt=\"Google star 5\" width=\"17\" height=\"17\" loading=\"lazy\"><\/trustindex-image><span class=\"ti-verified-review ti-verified-platform\"><span class=\"ti-verified-tooltip\">Trustindex verifica che la fonte originale della recensione sia Google.<\/span><\/span><\/span> <div class=\"ti-review-text-container ti-review-content\"><!-- R-CONTENT -->Alice est une magnifique personne &amp; therapeute. Mon experience de Metamorphose avec elle m'a beaucoup aid\u00e9 &amp; apport\u00e9. De m\u00eame pour son approche avec le human design. Tous ses outils &amp; son approche holistique est pertinente ce qui aide \u00e0 gagner en clart\u00e9 sur notre problematique. Le lieu de vie est aussi magnifique, c'est un havre de Paix en plein coeur du Tessin avec une magnifique atmosph\u00e8re celtique Je la recomande fortement cette experience.<!-- R-CONTENT --><\/div> <span class=\"ti-read-more\" data-container=\".ti-review-content\" data-collapse-text=\"Nascondere\" data-open-text=\"Leggi di pi\u00f9\"><\/span> <\/div> <\/div>  <div data-empty=\"0\" data-time=\"1769817600\" class=\"ti-review-item source-Google ti-image-layout-thumbnail\" data-id=\"cfcd208495d565ef66e7dff9f98764da\"> <div class=\"ti-inner\"> <div class=\"ti-review-header\"> <div class=\"ti-platform-icon ti-with-tooltip\"> <span class=\"ti-tooltip\">Pubblicato su <\/span> <trustindex-image data-imgurl=\"https:\/\/cdn.trustindex.io\/assets\/platform\/Google\/icon.svg\" alt=\"\" width=\"20\" height=\"20\" loading=\"lazy\"><\/trustindex-image> <\/div> <div class=\"ti-profile-img\"> <trustindex-image data-imgurl=\"https:\/\/lh3.googleusercontent.com\/a-\/ALV-UjXOfyaTC41zKjUbc7Ia_jotPkvjfPHbO9AeO_cGW4Fm4XdGIWY2=w40-h40-c-rp-mo-br100\" alt=\"Giada profile picture\" loading=\"lazy\"><\/trustindex-image> <\/div> <div class=\"ti-profile-details\"> <div class=\"ti-name\"> Giada <\/div> <div class=\"ti-date\"><\/div> <\/div> <\/div> <span class=\"ti-stars\"><trustindex-image class=\"ti-star\" data-imgurl=\"https:\/\/cdn.trustindex.io\/assets\/platform\/Google\/star\/f.svg\" alt=\"Google star 1\" width=\"17\" height=\"17\" loading=\"lazy\"><\/trustindex-image><trustindex-image class=\"ti-star\" data-imgurl=\"https:\/\/cdn.trustindex.io\/assets\/platform\/Google\/star\/f.svg\" alt=\"Google star 2\" width=\"17\" height=\"17\" loading=\"lazy\"><\/trustindex-image><trustindex-image class=\"ti-star\" data-imgurl=\"https:\/\/cdn.trustindex.io\/assets\/platform\/Google\/star\/f.svg\" alt=\"Google star 3\" width=\"17\" height=\"17\" loading=\"lazy\"><\/trustindex-image><trustindex-image class=\"ti-star\" data-imgurl=\"https:\/\/cdn.trustindex.io\/assets\/platform\/Google\/star\/f.svg\" alt=\"Google star 4\" width=\"17\" height=\"17\" loading=\"lazy\"><\/trustindex-image><trustindex-image class=\"ti-star\" data-imgurl=\"https:\/\/cdn.trustindex.io\/assets\/platform\/Google\/star\/f.svg\" alt=\"Google star 5\" width=\"17\" height=\"17\" loading=\"lazy\"><\/trustindex-image><span class=\"ti-verified-review ti-verified-platform\"><span class=\"ti-verified-tooltip\">Trustindex verifica che la fonte originale della recensione sia Google.<\/span><\/span><\/span> <div class=\"ti-review-text-container ti-review-content\"><!-- R-CONTENT -->Un experience encroyable. Un s\u00e9jour au coeur des montagnes et d une rivi\u00e8re f\u00e9erique. j ai pu profiter de cette retraite ou Alice m a accompagn\u00e9 avec bienveillance et savoir \u00eatre. Entre m\u00e9tamorphose et d\u00e9couverte de soit\ngr\u00e2ce \u00e0 l outil puissant de l Human design et immerg\u00e9 dans la\nnature je me suis r\u00e9g\u00e9n\u00e9r\u00e9e. Merci Alice pour ce cadeau!<!-- R-CONTENT --><\/div> <span class=\"ti-read-more\" data-container=\".ti-review-content\" data-collapse-text=\"Nascondere\" data-open-text=\"Leggi di pi\u00f9\"><\/span> <\/div> <\/div>  <div data-empty=\"0\" data-time=\"1769817600\" class=\"ti-review-item source-Google ti-image-layout-thumbnail\" data-id=\"cfcd208495d565ef66e7dff9f98764da\"> <div class=\"ti-inner\"> <div class=\"ti-review-header\"> <div class=\"ti-platform-icon ti-with-tooltip\"> <span class=\"ti-tooltip\">Pubblicato su <\/span> <trustindex-image data-imgurl=\"https:\/\/cdn.trustindex.io\/assets\/platform\/Google\/icon.svg\" alt=\"\" width=\"20\" height=\"20\" loading=\"lazy\"><\/trustindex-image> <\/div> <div class=\"ti-profile-img\"> <trustindex-image data-imgurl=\"https:\/\/lh3.googleusercontent.com\/a-\/ALV-UjVnRd5isZ8aKv2_DCiELdbLDZ8015H1J3tbcH3eoZXUqlDNi1bB=w40-h40-c-rp-mo-br100\" alt=\"Duc Pham profile picture\" loading=\"lazy\"><\/trustindex-image> <\/div> <div class=\"ti-profile-details\"> <div class=\"ti-name\"> Duc Pham <\/div> <div class=\"ti-date\"><\/div> <\/div> <\/div> <span class=\"ti-stars\"><trustindex-image class=\"ti-star\" data-imgurl=\"https:\/\/cdn.trustindex.io\/assets\/platform\/Google\/star\/f.svg\" alt=\"Google star 1\" width=\"17\" height=\"17\" loading=\"lazy\"><\/trustindex-image><trustindex-image class=\"ti-star\" data-imgurl=\"https:\/\/cdn.trustindex.io\/assets\/platform\/Google\/star\/f.svg\" alt=\"Google star 2\" width=\"17\" height=\"17\" loading=\"lazy\"><\/trustindex-image><trustindex-image class=\"ti-star\" data-imgurl=\"https:\/\/cdn.trustindex.io\/assets\/platform\/Google\/star\/f.svg\" alt=\"Google star 3\" width=\"17\" height=\"17\" loading=\"lazy\"><\/trustindex-image><trustindex-image class=\"ti-star\" data-imgurl=\"https:\/\/cdn.trustindex.io\/assets\/platform\/Google\/star\/f.svg\" alt=\"Google star 4\" width=\"17\" height=\"17\" loading=\"lazy\"><\/trustindex-image><trustindex-image class=\"ti-star\" data-imgurl=\"https:\/\/cdn.trustindex.io\/assets\/platform\/Google\/star\/f.svg\" alt=\"Google star 5\" width=\"17\" height=\"17\" loading=\"lazy\"><\/trustindex-image><span class=\"ti-verified-review ti-verified-platform\"><span class=\"ti-verified-tooltip\">Trustindex verifica che la fonte originale della recensione sia Google.<\/span><\/span><\/span> <div class=\"ti-review-text-container ti-review-content\"><!-- R-CONTENT -->J'ai d\u00e9couvert le Human Design (HD) gr\u00e2ce \u00e0 ma fille qui m'a pr\u00e9sent\u00e9 Alice pour faire me faire une lecture.\nD'un naturel sceptique vis-\u00e0-vis de l'astrologie dont s'inspire le HD, je dois avouer que les d\u00e9tails sur mon fonctionnement interne sont tr\u00e8s incroyablement justes et m'ont permis de comprendre certaines blocages et de les r\u00e9soudre.\nAlice est d'une bienveillance rare et elle sait faire passer les messages m\u00eame s'ils sont inconfortables.\nJe recommande les services d'Alice pour les personnes qui souhaitent en savoir plus sur eux-m\u00eames et \u00e9voluer en restant align\u00e9 avec ses valeurs.<!-- R-CONTENT --><\/div> <span class=\"ti-read-more\" data-container=\".ti-review-content\" data-collapse-text=\"Nascondere\" data-open-text=\"Leggi di pi\u00f9\"><\/span> <\/div> <\/div>  <\/div> <div class=\"ti-controls-line\"> <div class=\"dot\"><\/div> <\/div> <\/div>    <\/div> <\/div> <\/template><\/pre><div data-src=\"https:\/\/cdn.trustindex.io\/loader.js?wp-widget\" data-template-id=\"trustindex-google-widget-html\" data-css-url=\"https:\/\/alphalice.com\/wp-content\/uploads\/trustindex-google-widget.css?1774182370\"><\/div>\n\n\n\n<p class=\"has-text-align-right has-x-small-font-size\" style=\"margin-top:0;margin-right:var(--wp--preset--spacing--x-small);margin-left:0;padding-top:0;font-style:normal;font-weight:200\"><a href=\"https:\/\/maps.app.goo.gl\/9YctPahoJRA1LZQ68\" target=\"_blank\" rel=\"noreferrer noopener\">laissez votre avis<\/a><\/p>","protected":false},"excerpt":{"rendered":"<p>Educatrice specializzata di formazione,ho deciso dopo aver sostenuto adulti con disturbi psichiatrici e bambini in situazioni di disagio sociale,di mettermi a disposizione dell\u2019Essere in modo piu\u2019 autentico. Ho realizzato che il sistema sociale non \u00e9 pi\u00f9 in accordo con i miei valori. Oggi sono al servizio nella co-costruzione.Essere accompagnati da [&hellip;]<\/p>\n","protected":false},"author":1,"featured_media":112,"parent":0,"menu_order":0,"comment_status":"closed","ping_status":"closed","template":"","meta":{"inspiro_page_layout":"normal","inspiro_hide_title":false,"footnotes":""},"class_list":["post-17","page","type-page","status-publish","has-post-thumbnail","hentry"],"_links":{"self":[{"href":"https:\/\/alphalice.com\/fr\/wp-json\/wp\/v2\/pages\/17","targetHints":{"allow":["GET"]}}],"collection":[{"href":"https:\/\/alphalice.com\/fr\/wp-json\/wp\/v2\/pages"}],"about":[{"href":"https:\/\/alphalice.com\/fr\/wp-json\/wp\/v2\/types\/page"}],"author":[{"embeddable":true,"href":"https:\/\/alphalice.com\/fr\/wp-json\/wp\/v2\/users\/1"}],"replies":[{"embeddable":true,"href":"https:\/\/alphalice.com\/fr\/wp-json\/wp\/v2\/comments?post=17"}],"version-history":[{"count":3,"href":"https:\/\/alphalice.com\/fr\/wp-json\/wp\/v2\/pages\/17\/revisions"}],"predecessor-version":[{"id":269,"href":"https:\/\/alphalice.com\/fr\/wp-json\/wp\/v2\/pages\/17\/revisions\/269"}],"wp:featuredmedia":[{"embeddable":true,"href":"https:\/\/alphalice.com\/fr\/wp-json\/wp\/v2\/media\/112"}],"wp:attachment":[{"href":"https:\/\/alphalice.com\/fr\/wp-json\/wp\/v2\/media?parent=17"}],"curies":[{"name":"wp","href":"https:\/\/api.w.org\/{rel}","templated":true}]}}