{"id":89,"date":"2026-01-20T20:49:59","date_gmt":"2026-01-20T20:49:59","guid":{"rendered":"https:\/\/alphalice.com\/?page_id=89"},"modified":"2026-02-10T08:22:41","modified_gmt":"2026-02-10T08:22:41","slug":"accompagnamenti","status":"publish","type":"page","link":"https:\/\/alphalice.com\/fr\/accompagnamenti\/","title":{"rendered":"Accompagnements"},"content":{"rendered":"<p class=\"translation-block\">Tu veux d\u00e9bloquer une situation, te lib\u00e9rer de tes sch\u00e9mas, te reconnecter \u00e0 ta propre essence, prendre soin de toi et (re)cr\u00e9er une vie qui soit allign\u00e9e \u00e0 toi? Durant notre vie, nous cristallisons des m\u00e9moires et empreintes v\u00e9cus dans le corps physique. Il t'est peut-\u00eatre d\u00e9j\u00e0 arriv\u00e9 d'avoir des douleurs physiques r\u00e9currentes, ou un sentiment de tristesse sans que tu puisses en conna\u00eetre la raison ou sans aucune raison apparente. <br>En effet, ces souvenirs ne sont pas seulement dans notre corps physique mais \u00e9galement dans nos corps subtils. Ces m\u00e9moires sont appel\u00e9es m\u00e9moires cellulaires. M\u00eame si rationnellement, notre mental ne se souvient pas de ces exp\u00e9riences, nos cellules s'en souviennent. Autres que la m\u00e9moire cellulaire, nos diff\u00e9rents corps emmagasinent \u00e9galement des m\u00e9moires transg\u00e9n\u00e9rationnelles. Celles qui sont transmises par nos anc\u00eatres, notre lign\u00e9e familale. Tous les sch\u00e9mas familiaux qui se r\u00e9p\u00e8tent de g\u00e9n\u00e9ration en g\u00e9n\u00e9ration.<br>Je propose trois modalit\u00e9s uniques pour pouvoir comprendre les origines profondes de tes maux et les causes de tes souffrances.<\/p>\n\n\n\n<div class=\"wp-block-columns is-layout-flex wp-container-core-columns-is-layout-28f84493 wp-block-columns-is-layout-flex\">\n<div class=\"wp-block-column is-vertically-aligned-top has-border-color has-background is-layout-flow wp-block-column-is-layout-flow\" style=\"border-color:#dd9933;border-width:3px;border-top-left-radius:33px;border-top-right-radius:33px;border-bottom-left-radius:33px;border-bottom-right-radius:33px;background-color:#de9a3329;padding-top:var(--wp--preset--spacing--x-small);padding-right:var(--wp--preset--spacing--x-small);padding-bottom:var(--wp--preset--spacing--x-small);padding-left:var(--wp--preset--spacing--x-small)\">\n<div class=\"wp-block-buttons is-content-justification-center is-layout-flex wp-container-core-buttons-is-layout-a89b3969 wp-block-buttons-is-layout-flex\">\n<div class=\"wp-block-button\"><a class=\"wp-block-button__link has-primary-background-color has-background has-border-color has-white-border-color wp-element-button\" href=\"https:\/\/alphalice.com\/fr\/metamorfosis\/\" style=\"border-width:3px;border-top-left-radius:13px;border-top-right-radius:13px;border-bottom-left-radius:13px;border-bottom-right-radius:13px\">M\u00e9tamorphose<\/a><\/div>\n<\/div>\n\n\n\n<p class=\"has-text-align-center\">Toucher m\u00e9tamorphique : une conversation avec ta force vitale. Une mise en lumi\u00e8re de tes blocages et ressources du moment.<\/p>\n<\/div>\n\n\n\n<div class=\"wp-block-column has-border-color has-background is-layout-flow wp-block-column-is-layout-flow\" style=\"border-color:#dd9933;border-width:3px;border-top-left-radius:33px;border-top-right-radius:33px;border-bottom-left-radius:33px;border-bottom-right-radius:33px;background-color:#de9a3329;padding-top:var(--wp--preset--spacing--x-small);padding-right:var(--wp--preset--spacing--x-small);padding-bottom:var(--wp--preset--spacing--x-small);padding-left:var(--wp--preset--spacing--x-small)\">\n<div class=\"wp-block-buttons is-content-justification-center is-layout-flex wp-container-core-buttons-is-layout-a89b3969 wp-block-buttons-is-layout-flex\">\n<div class=\"wp-block-button\"><a class=\"wp-block-button__link has-primary-background-color has-background has-border-color has-white-border-color wp-element-button\" href=\"https:\/\/alphalice.com\/fr\/human-design\/\" style=\"border-width:3px;border-top-left-radius:13px;border-top-right-radius:13px;border-bottom-left-radius:13px;border-bottom-right-radius:13px\">Human design<\/a><\/div>\n<\/div>\n\n\n\n<p class=\"has-text-align-center\">Lecture personnalis\u00e9e : conna\u00eetre et comprendre ton \u00e9nergie pour vivre en harmonie avec toi et tes relations<\/p>\n<\/div>\n\n\n\n<div class=\"wp-block-column has-border-color has-background is-layout-flow wp-block-column-is-layout-flow\" style=\"border-color:#dd9933;border-width:3px;border-top-left-radius:33px;border-top-right-radius:33px;border-bottom-left-radius:33px;border-bottom-right-radius:33px;background-color:#de9a3329;padding-top:var(--wp--preset--spacing--x-small);padding-right:var(--wp--preset--spacing--x-small);padding-bottom:var(--wp--preset--spacing--x-small);padding-left:var(--wp--preset--spacing--x-small)\">\n<div class=\"wp-block-buttons is-content-justification-center is-layout-flex wp-container-core-buttons-is-layout-a89b3969 wp-block-buttons-is-layout-flex\">\n<div class=\"wp-block-button\"><a class=\"wp-block-button__link has-primary-background-color has-background has-border-color has-white-border-color wp-element-button\" href=\"https:\/\/alphalice.com\/fr\/psicogenealogia\/\" style=\"border-width:3px;border-top-left-radius:13px;border-top-right-radius:13px;border-bottom-left-radius:13px;border-bottom-right-radius:13px\">Psychog\u00e9n\u00e9alogie<\/a><\/div>\n<\/div>\n\n\n\n<p class=\"has-text-align-center\">\u00c9tude de ton arbre g\u00e9n\u00e9alogique et sur les sch\u00e9mas invisibles qui en d\u00e9coulent. Redevenir souverain de son histoire familiale.<\/p>\n<\/div>\n<\/div>\n\n\n\n<blockquote class=\"wp-block-quote is-style-plain has-medium-font-size is-layout-flow wp-block-quote-is-layout-flow\">\n<p>Je ne me limites pas \u00e0 mes croyances, je ne me limite pas \u00e0 mes traumatismes, et je ne suis pas esclave d'un syst\u00e8me dysfonctionnel. Toi non plus. Nous sommes des \u00catres souverains, responsables de notre libert\u00e9 align\u00e9s \u00e0 notre c\u0153ur et notre \u00e2me. Je t'invite \u00e0 faire le premier pas. Prends conscience de qui tu es vraiement.<\/p>\n<\/blockquote>","protected":false},"excerpt":{"rendered":"<p>Vuoi sbloccare una situazione, liberarti dai tuoi schemi, riconnetterti con la tua essenza, prenderti cura di te e (Ri)crearti una vita che sia allineata con te stesso? Nel corso della nostra vita raccogliamo ricordi e traumi di momenti vissuti nel nostro corpo fisico. Probabilmente hai gi\u00e0 avuto dolori ricorrenti, ma [&hellip;]<\/p>\n","protected":false},"author":1,"featured_media":109,"parent":0,"menu_order":0,"comment_status":"closed","ping_status":"closed","template":"","meta":{"inspiro_page_layout":"narrow","inspiro_hide_title":false,"footnotes":""},"class_list":["post-89","page","type-page","status-publish","has-post-thumbnail","hentry"],"_links":{"self":[{"href":"https:\/\/alphalice.com\/fr\/wp-json\/wp\/v2\/pages\/89","targetHints":{"allow":["GET"]}}],"collection":[{"href":"https:\/\/alphalice.com\/fr\/wp-json\/wp\/v2\/pages"}],"about":[{"href":"https:\/\/alphalice.com\/fr\/wp-json\/wp\/v2\/types\/page"}],"author":[{"embeddable":true,"href":"https:\/\/alphalice.com\/fr\/wp-json\/wp\/v2\/users\/1"}],"replies":[{"embeddable":true,"href":"https:\/\/alphalice.com\/fr\/wp-json\/wp\/v2\/comments?post=89"}],"version-history":[{"count":1,"href":"https:\/\/alphalice.com\/fr\/wp-json\/wp\/v2\/pages\/89\/revisions"}],"predecessor-version":[{"id":274,"href":"https:\/\/alphalice.com\/fr\/wp-json\/wp\/v2\/pages\/89\/revisions\/274"}],"wp:featuredmedia":[{"embeddable":true,"href":"https:\/\/alphalice.com\/fr\/wp-json\/wp\/v2\/media\/109"}],"wp:attachment":[{"href":"https:\/\/alphalice.com\/fr\/wp-json\/wp\/v2\/media?parent=89"}],"curies":[{"name":"wp","href":"https:\/\/api.w.org\/{rel}","templated":true}]}}