{"id":91,"date":"2026-01-20T20:50:41","date_gmt":"2026-01-20T20:50:41","guid":{"rendered":"https:\/\/alphalice.com\/?page_id=91"},"modified":"2026-01-23T17:47:04","modified_gmt":"2026-01-23T17:47:04","slug":"metamorfosis","status":"publish","type":"page","link":"https:\/\/alphalice.com\/fr\/metamorfosis\/","title":{"rendered":"M\u00e9tamorphose"},"content":{"rendered":"<p class=\"has-small-font-size\" style=\"margin-top:0;line-height:1.5\">En ligne et\/ou en pr\u00e9sentiel au Tessin : Fran\u00e7ais - italien - anglais<\/p>\n\n\n\n<hr class=\"wp-block-separator has-alpha-channel-opacity is-style-wide\"\/>\n\n\n\n<p class=\"has-medium-font-size translation-block\">La m\u00e9tamorphose est un massage \u00e9nerg\u00e9tique en co-construction avec ta force vitale. \nJe fais office de facilitatrice et de canal, permettant ainsi la mise en lumi\u00e8re des m\u00e9moires \u00e0 transmuter pour que tu puisses en prendre conscience et les observer.\nTe lib\u00e9rer de ces empreintes te donnera un sentiment de l\u00e9g\u00e8ret\u00e9 et de reconnexion en ton pouvoir int\u00e9rieur.\n\nLa m\u00e9tamorphose, c'est le premier pas vers le changment.\n<strong>Es-tu pr\u00eat.e?<\/strong><\/p>","protected":false},"excerpt":{"rendered":"<p>ONLINE O IN PRESENZA: Francese \u2013 Italiano \u2013 Inglese La Metamorfosi \u00e8 un trattamento energetico con il quale lavoro in co-costruzione con la tua Forza Vitale, canalizzando e riportando i ricordi essenziali per prenderne consapevolezza, permettendoti cos\u00ec di liberartene e vivere una vita allineata e realizzata. Beneficiando di una metamorfosi, [&hellip;]<\/p>\n","protected":false},"author":1,"featured_media":110,"parent":0,"menu_order":0,"comment_status":"closed","ping_status":"closed","template":"","meta":{"inspiro_page_layout":"narrow","inspiro_hide_title":false,"footnotes":""},"class_list":["post-91","page","type-page","status-publish","has-post-thumbnail","hentry"],"_links":{"self":[{"href":"https:\/\/alphalice.com\/fr\/wp-json\/wp\/v2\/pages\/91","targetHints":{"allow":["GET"]}}],"collection":[{"href":"https:\/\/alphalice.com\/fr\/wp-json\/wp\/v2\/pages"}],"about":[{"href":"https:\/\/alphalice.com\/fr\/wp-json\/wp\/v2\/types\/page"}],"author":[{"embeddable":true,"href":"https:\/\/alphalice.com\/fr\/wp-json\/wp\/v2\/users\/1"}],"replies":[{"embeddable":true,"href":"https:\/\/alphalice.com\/fr\/wp-json\/wp\/v2\/comments?post=91"}],"version-history":[{"count":0,"href":"https:\/\/alphalice.com\/fr\/wp-json\/wp\/v2\/pages\/91\/revisions"}],"wp:featuredmedia":[{"embeddable":true,"href":"https:\/\/alphalice.com\/fr\/wp-json\/wp\/v2\/media\/110"}],"wp:attachment":[{"href":"https:\/\/alphalice.com\/fr\/wp-json\/wp\/v2\/media?parent=91"}],"curies":[{"name":"wp","href":"https:\/\/api.w.org\/{rel}","templated":true}]}}