{"id":93,"date":"2026-01-20T20:51:13","date_gmt":"2026-01-20T20:51:13","guid":{"rendered":"https:\/\/alphalice.com\/?page_id=93"},"modified":"2026-01-23T17:48:58","modified_gmt":"2026-01-23T17:48:58","slug":"human-design","status":"publish","type":"page","link":"https:\/\/alphalice.com\/fr\/human-design\/","title":{"rendered":"Human Design"},"content":{"rendered":"<p class=\"has-small-font-size\">En ligne et\/ou en pr\u00e9sentiel au Tessin : Fran\u00e7ais - italien - anglais<\/p>\n\n\n\n<hr class=\"wp-block-separator has-alpha-channel-opacity is-style-wide\"\/>\n\n\n\n<p class=\"has-medium-font-size\">Un outil complexe de connaissance de soi qui te permettra de mieux te comprendre et ton fonctionnement. Gr\u00e2ce \u00e0 ces informations, il sera plus facile de prendre des d\u00e9cisions align\u00e9es et entretenir des relations plus harmonieuses avec ton\/ta partenaire, ta famille et tes coll\u00e8gues. \n\nAu vu de la complexit\u00e9 de l'instrument, diverses lectures sont possibles.\n\nContacte moi pour plus d'informations<\/p>","protected":false},"excerpt":{"rendered":"<p>ONLINE O IN PRESENZA: Francese \u2013 Italiano \u2013 Inglese Uno strumento complesso di auto-conoscenza che ti consentir\u00e0 di comprendere meglio te stesso ed il tuo funzionamento. Grazie a queste informazioni sar\u00e0 pi\u00f9 facile prendere decisioni in linea con te e mantenere relazioni migliori con il partner, la famiglia o i [&hellip;]<\/p>\n","protected":false},"author":1,"featured_media":111,"parent":0,"menu_order":0,"comment_status":"closed","ping_status":"closed","template":"","meta":{"inspiro_page_layout":"narrow","inspiro_hide_title":false,"footnotes":""},"class_list":["post-93","page","type-page","status-publish","has-post-thumbnail","hentry"],"_links":{"self":[{"href":"https:\/\/alphalice.com\/fr\/wp-json\/wp\/v2\/pages\/93","targetHints":{"allow":["GET"]}}],"collection":[{"href":"https:\/\/alphalice.com\/fr\/wp-json\/wp\/v2\/pages"}],"about":[{"href":"https:\/\/alphalice.com\/fr\/wp-json\/wp\/v2\/types\/page"}],"author":[{"embeddable":true,"href":"https:\/\/alphalice.com\/fr\/wp-json\/wp\/v2\/users\/1"}],"replies":[{"embeddable":true,"href":"https:\/\/alphalice.com\/fr\/wp-json\/wp\/v2\/comments?post=93"}],"version-history":[{"count":0,"href":"https:\/\/alphalice.com\/fr\/wp-json\/wp\/v2\/pages\/93\/revisions"}],"wp:featuredmedia":[{"embeddable":true,"href":"https:\/\/alphalice.com\/fr\/wp-json\/wp\/v2\/media\/111"}],"wp:attachment":[{"href":"https:\/\/alphalice.com\/fr\/wp-json\/wp\/v2\/media?parent=93"}],"curies":[{"name":"wp","href":"https:\/\/api.w.org\/{rel}","templated":true}]}}