{"id":95,"date":"2026-01-20T20:51:31","date_gmt":"2026-01-20T20:51:31","guid":{"rendered":"https:\/\/alphalice.com\/?page_id=95"},"modified":"2026-01-23T17:50:35","modified_gmt":"2026-01-23T17:50:35","slug":"psicogenealogia","status":"publish","type":"page","link":"https:\/\/alphalice.com\/fr\/psicogenealogia\/","title":{"rendered":"Psychog\u00e9n\u00e9alogie"},"content":{"rendered":"<p>En ligne et\/ou en pr\u00e9sentiel au Tessin : Fran\u00e7ais - italien - anglais<\/p>\n\n\n\n<hr class=\"wp-block-separator has-alpha-channel-opacity is-style-wide\"\/>\n\n\n\n<p class=\"has-medium-font-size translation-block\">Te sens-tu victime de ton h\u00e9ritage familial?<br>Et si les maladies qui se pr\u00e9sentent de g\u00e9n\u00e9ration en g\u00e9n\u00e9ration ne doivent pas n\u00e9cessairement se r\u00e9p\u00e9ter? Avec la psychog\u00e9n\u00e9alogie, il est possible de r\u00e9crire ton histoire. Mettre en lumi\u00e8re ton pass\u00e9 pour mieux accueillir ton pr\u00e9sent.<\/p>","protected":false},"excerpt":{"rendered":"<p>ONLINE O IN PRESENZA: Francese \u2013 Italiano \u2013 Inglese Ti senti vittima della tua discendenza?E se le malattie che si presentano di generazione in generazione non dovessero necessariamente ripetersi? Con la psicogenealogia \u00e8 possibile riscrivere la propria storia. Fare luce sul tuo passato per accogliere meglio il presente.<\/p>","protected":false},"author":1,"featured_media":112,"parent":0,"menu_order":0,"comment_status":"closed","ping_status":"closed","template":"","meta":{"inspiro_page_layout":"narrow","inspiro_hide_title":false,"footnotes":""},"class_list":["post-95","page","type-page","status-publish","has-post-thumbnail","hentry"],"_links":{"self":[{"href":"https:\/\/alphalice.com\/fr\/wp-json\/wp\/v2\/pages\/95","targetHints":{"allow":["GET"]}}],"collection":[{"href":"https:\/\/alphalice.com\/fr\/wp-json\/wp\/v2\/pages"}],"about":[{"href":"https:\/\/alphalice.com\/fr\/wp-json\/wp\/v2\/types\/page"}],"author":[{"embeddable":true,"href":"https:\/\/alphalice.com\/fr\/wp-json\/wp\/v2\/users\/1"}],"replies":[{"embeddable":true,"href":"https:\/\/alphalice.com\/fr\/wp-json\/wp\/v2\/comments?post=95"}],"version-history":[{"count":0,"href":"https:\/\/alphalice.com\/fr\/wp-json\/wp\/v2\/pages\/95\/revisions"}],"wp:featuredmedia":[{"embeddable":true,"href":"https:\/\/alphalice.com\/fr\/wp-json\/wp\/v2\/media\/112"}],"wp:attachment":[{"href":"https:\/\/alphalice.com\/fr\/wp-json\/wp\/v2\/media?parent=95"}],"curies":[{"name":"wp","href":"https:\/\/api.w.org\/{rel}","templated":true}]}}