{"id":97,"date":"2026-01-20T20:51:52","date_gmt":"2026-01-20T20:51:52","guid":{"rendered":"https:\/\/alphalice.com\/?page_id=97"},"modified":"2026-01-28T13:40:14","modified_gmt":"2026-01-28T13:40:14","slug":"eventi","status":"publish","type":"page","link":"https:\/\/alphalice.com\/fr\/eventi\/","title":{"rendered":"\u00c9venements"},"content":{"rendered":"<p>Une fois tous les deux mois, je propose des ateliers th\u00e9matiques en pr\u00e9sentiel et\/ou en ligne pour introduire les services que je propose.\nPar exemple : \u201cComment l\u2019outil du g\u00e9nogramme a permis de comprendre les pr\u00e9mices de mon histoire familiale\u201d ou \u201cJe suis pass\u00e9e de je suis \u00e9puis\u00e9e \u00e0 je suis pleine d\u2019\u00e9nergie gr\u00e2ce au human design\u201d\n\nJ\u2019aime collaborer et \u00e9changer avec d\u2019autres personnes qui partagent les m\u00eames valeurs que les miennes. Contacte moi si tu ressens l\u2019appel.<\/p>\n\n\n\n<div class=\"wp-block-columns has-border-color is-layout-flex wp-container-core-columns-is-layout-28f84493 wp-block-columns-is-layout-flex\" style=\"border-color:#dd9933;border-width:3px;border-top-left-radius:67px;border-top-right-radius:67px;border-bottom-left-radius:67px;border-bottom-right-radius:67px\">\n<div class=\"wp-block-column is-layout-flow wp-block-column-is-layout-flow\" style=\"flex-basis:33.33%\"><\/div>\n\n\n\n<div class=\"wp-block-column is-layout-flow wp-block-column-is-layout-flow\" style=\"flex-basis:66.66%\">\n<h2 class=\"wp-block-heading\">\u00c9v\u00e9nement en cr\u00e9ation<\/h2>\n<\/div>\n<\/div>\n\n\n\n<div style=\"height:100px\" aria-hidden=\"true\" class=\"wp-block-spacer\"><\/div>","protected":false},"excerpt":{"rendered":"<p>Una volta ogni due mesi, propongo atelier tematici in presenza e\/o online per presentare i servizi che offro. Ad esempio: \u201cCome lo strumento del genogramma mi ha aiutato a comprendere le origini della mia storia familiare\u201d oppure \u201cSono passata dall&#8217;essere esausta all&#8217;essere piena di energia grazie all&#8217;human design\u201d Mi piace [&hellip;]<\/p>\n","protected":false},"author":1,"featured_media":113,"parent":0,"menu_order":0,"comment_status":"closed","ping_status":"closed","template":"","meta":{"inspiro_page_layout":"narrow","inspiro_hide_title":false,"footnotes":""},"class_list":["post-97","page","type-page","status-publish","has-post-thumbnail","hentry"],"_links":{"self":[{"href":"https:\/\/alphalice.com\/fr\/wp-json\/wp\/v2\/pages\/97","targetHints":{"allow":["GET"]}}],"collection":[{"href":"https:\/\/alphalice.com\/fr\/wp-json\/wp\/v2\/pages"}],"about":[{"href":"https:\/\/alphalice.com\/fr\/wp-json\/wp\/v2\/types\/page"}],"author":[{"embeddable":true,"href":"https:\/\/alphalice.com\/fr\/wp-json\/wp\/v2\/users\/1"}],"replies":[{"embeddable":true,"href":"https:\/\/alphalice.com\/fr\/wp-json\/wp\/v2\/comments?post=97"}],"version-history":[{"count":0,"href":"https:\/\/alphalice.com\/fr\/wp-json\/wp\/v2\/pages\/97\/revisions"}],"wp:featuredmedia":[{"embeddable":true,"href":"https:\/\/alphalice.com\/fr\/wp-json\/wp\/v2\/media\/113"}],"wp:attachment":[{"href":"https:\/\/alphalice.com\/fr\/wp-json\/wp\/v2\/media?parent=97"}],"curies":[{"name":"wp","href":"https:\/\/api.w.org\/{rel}","templated":true}]}}