{"id":99,"date":"2026-01-20T20:52:54","date_gmt":"2026-01-20T20:52:54","guid":{"rendered":"https:\/\/alphalice.com\/?page_id=99"},"modified":"2026-01-27T21:08:46","modified_gmt":"2026-01-27T21:08:46","slug":"alice","status":"publish","type":"page","link":"https:\/\/alphalice.com\/fr\/alice\/","title":{"rendered":"Qui suis-je?"},"content":{"rendered":"<h2 class=\"wp-block-heading has-text-align-left\">Alphalice &#8211; facilitatrice<\/h2>\n\n\n\n<p>Educatrice de formation, j\u2019ai d\u00e9cid\u00e9 d\u2019accompagner l\u2019\u00eatre humain diff\u00e9remment en 2024. Apr\u00e8s avoir v\u00e9cu un \u00e9puisement professionnel en 2021, je me suis rendu compte que le syst\u00e8me social n\u2019\u00e9tait plus en accord avec mes valeurs. De l\u00e0, j\u2019ai d\u00e9cid\u00e9 d\u2019\u00eatre \u00e0 mon propre compte. Sortir de la lutte pour \u00eatre responsable de mes propres d\u00e9cisions.\nJ\u2019ai alors commenc\u00e9 \u00e0 me former \u00e0 diverses outils : \nLe massage m\u00e9tamorphique qui a permis d'aiguiser mon intuition. Ouvrir le canal du subtil et faire confiance \u00e0 ma clairvoyance.\nLe human design, comprendre mon fonctionnement, mon type d\u2019\u00e9nergie et comment prendre des d\u00e9cisions sans \u00eatre conditionn\u00e9e par mon syst\u00e8me familial et soci\u00e9tal. C\u2019est ainsi que j\u2019ai d\u00e9m\u00e9nag\u00e9 de Lausanne (Vaud) \u00e0 Chironico (Tessin), pour un environnement qui me soutient et soit en accord avec mon \u00catre. En harmonie avec la nature et donc avec soi.\nLa derni\u00e8re en date, la psychog\u00e9n\u00e9alogie. Comprendre son histoire familiale pour ne plus en \u00eatre esclave. Cela m\u2019a permis de me d\u00e9faire d\u2019une toux chronique et d\u2019avoir une relation apais\u00e9e avec ma m\u00e8re.\nC\u2019est bien parce que j\u2019ai b\u00e9n\u00e9fici\u00e9 de tous ces instruments et que j\u2019ai pu vivre toutes ces transformations qu\u2019aujourd\u2019hui je les propose \u00e0 mon tour comme outil d\u2019accompagnement.\nJe suis passionn\u00e9e par l\u2019\u00eatre humain, j\u2019aime observer et comprendre ses dynamiques int\u00e9rieures et relationnelles. J\u2019ai une grande capacit\u00e9 d\u2019\u00e9coute active sans jugement et avec bienveillance.\nMes accompagnements sont doux et puissants \u00e0 la fois. \nEn ma pr\u00e9sence, tu te sentiras en s\u00e9curit\u00e9, calme, o\u00f9 tu peux prendre le temps de respirer et d\u2019\u00catre.<\/p>\n\n\n\n<div class=\"wp-block-columns are-vertically-aligned-center is-layout-flex wp-container-core-columns-is-layout-28f84493 wp-block-columns-is-layout-flex\">\n<div class=\"wp-block-column is-vertically-aligned-center is-layout-flow wp-block-column-is-layout-flow\">\n<p class=\"has-text-align-left\">J\u2019aime accueillir et prendre soin de l\u2019autre, j\u2019aime \u00e9galement l\u2019\u00e9change et \u00e9couter les histoires de vie des personnes que j\u2019accompagne. Chaque personne que je rencontre est un cadeau, par son exp\u00e9rience, son histoire, son \u00e9nergie et sa beaut\u00e9. \nMon \u00e9nergie est \u00e0 la fois douce et puissante. Naturellement, je mets en lumi\u00e8re tes d\u00e9fis et tes forces. Lorsqu\u2019une personne devient individu et se reconnecte \u00e0 ses parts divines, c\u2019est ainsi que je me retire, heureuse d\u2019avoir accompli ma mission. Je te guide pour revenir \u00e0 ton \u00catre.<\/p>\n\n\n\n<p><strong>Comme un guide de montage, je serai ton guide \u00e0 la rencontre de ton \u00catre.<\/strong><\/p>\n<\/div>\n\n\n\n<div class=\"wp-block-column is-vertically-aligned-center is-layout-flow wp-block-column-is-layout-flow\">\n<figure class=\"wp-block-image aligncenter size-large is-resized has-custom-border\"><img loading=\"lazy\" decoding=\"async\" width=\"639\" height=\"1024\" src=\"https:\/\/alphalice.com\/wp-content\/uploads\/2026\/01\/Capture-decran-2026-01-27-a-18.57.06-639x1024.png\" alt=\"\" class=\"wp-image-203\" style=\"border-top-left-radius:34px;border-top-right-radius:34px;border-bottom-left-radius:34px;border-bottom-right-radius:34px;width:247px;height:auto\" srcset=\"https:\/\/alphalice.com\/wp-content\/uploads\/2026\/01\/Capture-decran-2026-01-27-a-18.57.06-639x1024.png 639w, https:\/\/alphalice.com\/wp-content\/uploads\/2026\/01\/Capture-decran-2026-01-27-a-18.57.06-187x300.png 187w, https:\/\/alphalice.com\/wp-content\/uploads\/2026\/01\/Capture-decran-2026-01-27-a-18.57.06-7x12.png 7w, https:\/\/alphalice.com\/wp-content\/uploads\/2026\/01\/Capture-decran-2026-01-27-a-18.57.06.png 646w\" sizes=\"auto, (max-width: 639px) 100vw, 639px\" \/><\/figure>\n<\/div>\n<\/div>","protected":false},"excerpt":{"rendered":"<p>Alphalice &#8211; facilitatrice Educatrice di formazione, nel 2024 ho deciso di accompagnare le persone in modo diverso. Dopo aver vissuto un esaurimento professionale nel 2021, mi sono resa conto che il sistema sociale non era pi\u00f9 in linea con i miei valori. Da l\u00ec, ho deciso di mettermi in proprio, [&hellip;]<\/p>\n","protected":false},"author":1,"featured_media":9,"parent":0,"menu_order":0,"comment_status":"closed","ping_status":"closed","template":"","meta":{"inspiro_page_layout":"narrow","inspiro_hide_title":false,"footnotes":""},"class_list":["post-99","page","type-page","status-publish","has-post-thumbnail","hentry"],"_links":{"self":[{"href":"https:\/\/alphalice.com\/fr\/wp-json\/wp\/v2\/pages\/99","targetHints":{"allow":["GET"]}}],"collection":[{"href":"https:\/\/alphalice.com\/fr\/wp-json\/wp\/v2\/pages"}],"about":[{"href":"https:\/\/alphalice.com\/fr\/wp-json\/wp\/v2\/types\/page"}],"author":[{"embeddable":true,"href":"https:\/\/alphalice.com\/fr\/wp-json\/wp\/v2\/users\/1"}],"replies":[{"embeddable":true,"href":"https:\/\/alphalice.com\/fr\/wp-json\/wp\/v2\/comments?post=99"}],"version-history":[{"count":0,"href":"https:\/\/alphalice.com\/fr\/wp-json\/wp\/v2\/pages\/99\/revisions"}],"wp:featuredmedia":[{"embeddable":true,"href":"https:\/\/alphalice.com\/fr\/wp-json\/wp\/v2\/media\/9"}],"wp:attachment":[{"href":"https:\/\/alphalice.com\/fr\/wp-json\/wp\/v2\/media?parent=99"}],"curies":[{"name":"wp","href":"https:\/\/api.w.org\/{rel}","templated":true}]}}